{"id":5,"date":"2020-08-14T14:08:01","date_gmt":"2020-08-14T12:08:01","guid":{"rendered":"https:\/\/smartmedo.com\/?page_id=5"},"modified":"2025-08-18T11:18:38","modified_gmt":"2025-08-18T09:18:38","slug":"m-e-t","status":"publish","type":"page","link":"https:\/\/smartmedo.com\/en_us\/m-e-t\/","title":{"rendered":"M.E.T. &#8211; Medical Eye Trainer"},"content":{"rendered":"<div data-elementor-type=\"wp-page\" data-elementor-id=\"5\" class=\"elementor elementor-5\">\n\t\t\t\t\t\t<section class=\"elementor-section elementor-top-section elementor-element elementor-element-444b14f9 elementor-section-boxed elementor-section-height-default elementor-section-height-default\" data-id=\"444b14f9\" data-element_type=\"section\" data-e-type=\"section\" data-settings=\"{&quot;background_background&quot;:&quot;gradient&quot;}\">\n\t\t\t\t\t\t\t<div class=\"elementor-background-overlay\"><\/div>\n\t\t\t\t\t\t\t<div class=\"elementor-container elementor-column-gap-default\">\n\t\t\t\t\t<div class=\"elementor-column elementor-col-100 elementor-top-column elementor-element elementor-element-77739cb\" data-id=\"77739cb\" data-element_type=\"column\" data-e-type=\"column\">\n\t\t\t<div class=\"elementor-widget-wrap elementor-element-populated\">\n\t\t\t\t\t\t<div class=\"elementor-element elementor-element-a633eb0 elementor-widget elementor-widget-heading\" data-id=\"a633eb0\" data-element_type=\"widget\" data-e-type=\"widget\" data-widget_type=\"heading.default\">\n\t\t\t\t<div class=\"elementor-widget-container\">\n\t\t\t\t\t<h2 class=\"elementor-heading-title elementor-size-default\">The \"Medical Eye Trainer\" - M.E.T.<\/h2>\t\t\t\t<\/div>\n\t\t\t\t<\/div>\n\t\t\t\t<div class=\"elementor-element elementor-element-29973aa3 elementor-widget elementor-widget-text-editor\" data-id=\"29973aa3\" data-element_type=\"widget\" data-e-type=\"widget\" data-widget_type=\"text-editor.default\">\n\t\t\t\t<div class=\"elementor-widget-container\">\n\t\t\t\t\t\t\t\t\t<p><span style=\"color: #ffffff;\"><strong><span style=\"font-size: 24pt; font-family: 'inherit', serif;\">Introduction<\/span><\/strong><\/span><\/p><p style=\"margin-bottom: 15.0pt; vertical-align: baseline;\"><span style=\"font-size: 10.5pt; font-family: Montserrat; color: #ffffff;\">Exercise and training is one of the most common and oldest ways to increase the performance of the human body. We exercise and learn since birth, in school, in sports, in every situation of life. This process can be optimized and developed to achieve even higher increases in our bodily functions. Here we think first and foremost of sports.\u00a0<\/span><\/p><p style=\"margin-bottom: 15.0pt; vertical-align: baseline;\"><span style=\"font-size: 10.5pt; font-family: Montserrat; color: #ffffff;\">However, this training can also be used to improve or, in the ideal case, completely compensate for weaknesses, disabilities or limitations.<\/span><\/p><p style=\"margin-bottom: 15.0pt; vertical-align: baseline;\"><span style=\"font-size: 10.5pt; font-family: Montserrat; color: #ffffff;\">The team at SmartMedo GmbH is working on such methods. We develop training systems to improve bodily functions in order to help people with weaknesses, disabilities, or limitations to cope better with these issues.\u00a0<\/span><\/p><p style=\"margin-bottom: 15.0pt; vertical-align: baseline;\"><span style=\"font-size: 10.5pt; font-family: Montserrat; color: #ffffff;\">With the use of state-of-the-art technologies, it has become possible to make this training simple and comfortable. The exercises are no longer strenuous, are short in duration, and therefore do not cause any strain.\u00a0<\/span><\/p><p><span style=\"font-size: 10.5pt; font-family: Montserrat; color: #ffffff;\">The training system we have developed trains and improves the visual function of the eye and the visual perception of the brain. This very important sensory function is threatened and impaired by countless diseases. One of the most common is age-related degeneration of the central retina. This is called age-related macular degeneration or AMD. The Medical Eye Trainer (M.E.T.) has been tested in two studies for this disease.<\/span><\/p><p><span style=\"color: #ffffff;\"><strong><span style=\"font-size: 24pt; font-family: 'inherit', serif;\">Age-related macular degeneration (AMD)<\/span><\/strong><\/span><\/p><p style=\"margin-bottom: 15.0pt; vertical-align: baseline;\"><span style=\"font-size: 10.5pt; font-family: Montserrat; color: #ffffff;\">AMD is the most common cause of severe visual impairment in industrialized countries.\u00a0Hardly any other condition in our society has such a serious effect on those affected. Visual acuity is drastically reduced and a central scotoma, i.e. a central visual field loss, may develop.<\/span><\/p><p style=\"margin-bottom: 15.0pt; vertical-align: baseline;\"><span style=\"font-size: 10.5pt; font-family: Montserrat; color: #ffffff;\">This often leads to severe visual impairment, making even simple tasks extremely difficult. Think of any activity from your everyday life and try to do it with your eyes closed\u2014a frightening thought. In addition, the risk of developing this condition increases rapidly with age.<\/span><\/p><p><span style=\"color: #ffffff;\"><strong><span style=\"font-size: 24pt; font-family: 'inherit', serif;\">The Medical Eye Trainer (M.E.T.)<\/span><\/strong><\/span><\/p><p><span style=\"color: #ffffff;\"><span style=\"font-size: 10.5pt; font-family: Montserrat;\">It is an application that can be installed on mobile devices and has shown significant success in the treatment of age-related macular degeneration in two studies.<\/span><\/span><\/p><p style=\"margin-bottom: 15.0pt; vertical-align: baseline;\"><span style=\"font-size: 10.5pt; font-family: Montserrat; color: #ffffff;\">The interface of the software is designed as follows: In the center is a laughing smiley, which serves as a fixation point for the patient to ensure optimal gaze direction. The screen is divided into four independent rows. A pattern of white and black squares runs in each of them. To achieve maximum stimulation of the eye, the directions of movement of successive rows are exactly opposite. This stimulus pattern is precisely matched in size and speed for optimal stimulation of the eye.<\/span><\/p><p><span style=\"color: #ffffff;\"><span style=\"font-size: 10.5pt; font-family: Montserrat;\">Studies have shown that this impressively simple concept is a very effective form of training. In the study, test subjects suffering from age-related macular degeneration were instructed to complete daily exercise sessions using the program. One eye is completely shielded from light, while the other eye is presented with the stimulus for a period of 90 seconds. A significant improvement was demonstrated.<\/span><\/span><\/p><p><span style=\"font-variant-ligatures: normal; font-variant-caps: normal; font-family: Montserrat, sans-serif; font-size: 1px; font-style: normal; font-weight: 600; color: #ffffff; word-spacing: 0.1px;\"><span style=\"font-family: 'inherit', serif; font-size: 24pt;\">Hypothesis of the effect<\/span><\/span><\/p><p style=\"margin-bottom: 15.0pt; vertical-align: baseline;\"><span style=\"font-size: 10.5pt; font-family: Montserrat; color: #ffffff;\">On the one hand, improved visual performance can be achieved by shifting the fixation point away from the destroyed center to peripheral, i.e., outer, areas of the retina not damaged by the disease - briefly called: Fixation shift.<\/span><\/p><p style=\"margin-bottom: 15.0pt; vertical-align: baseline;\"><span style=\"font-size: 10.5pt; font-family: Montserrat; color: #ffffff;\">On the other hand, the strong and alternating stimuli acting on the eye cause a reorganization and increased cooperation of neurons in the retina. This optimizes signal processing, which leads to increased visual performance.<\/span><\/p>\t\t\t\t\t\t\t\t<\/div>\n\t\t\t\t<\/div>\n\t\t\t\t\t<\/div>\n\t\t<\/div>\n\t\t\t\t\t<\/div>\n\t\t<\/section>\n\t\t\t\t<section class=\"elementor-section elementor-top-section elementor-element elementor-element-1fd44aa9 elementor-section-content-top elementor-section-boxed elementor-section-height-default elementor-section-height-default\" data-id=\"1fd44aa9\" data-element_type=\"section\" data-e-type=\"section\" data-settings=\"{&quot;background_background&quot;:&quot;classic&quot;}\">\n\t\t\t\t\t\t\t<div class=\"elementor-background-overlay\"><\/div>\n\t\t\t\t\t\t\t<div class=\"elementor-container elementor-column-gap-default\">\n\t\t\t\t\t<div class=\"elementor-column elementor-col-100 elementor-top-column elementor-element elementor-element-3f585833\" data-id=\"3f585833\" data-element_type=\"column\" data-e-type=\"column\">\n\t\t\t<div class=\"elementor-widget-wrap elementor-element-populated\">\n\t\t\t\t\t\t<section class=\"elementor-section elementor-inner-section elementor-element elementor-element-76154545 elementor-section-content-top elementor-section-boxed elementor-section-height-default elementor-section-height-default\" data-id=\"76154545\" data-element_type=\"section\" data-e-type=\"section\" data-settings=\"{&quot;background_background&quot;:&quot;classic&quot;}\">\n\t\t\t\t\t\t<div class=\"elementor-container elementor-column-gap-default\">\n\t\t\t\t\t<div class=\"elementor-column elementor-col-33 elementor-inner-column elementor-element elementor-element-47d59201\" data-id=\"47d59201\" data-element_type=\"column\" data-e-type=\"column\">\n\t\t\t<div class=\"elementor-widget-wrap elementor-element-populated\">\n\t\t\t\t\t\t<div class=\"elementor-element elementor-element-63e03e05 elementor-widget elementor-widget-image\" data-id=\"63e03e05\" data-element_type=\"widget\" data-e-type=\"widget\" data-widget_type=\"image.default\">\n\t\t\t\t<div class=\"elementor-widget-container\">\n\t\t\t\t\t\t\t\t\t\t\t\t\t\t\t<img fetchpriority=\"high\" decoding=\"async\" width=\"1024\" height=\"205\" src=\"https:\/\/smartmedo.com\/wp-content\/uploads\/2021\/03\/SmartMedoWhite-1024x205.png\" class=\"attachment-large size-large wp-image-63\" alt=\"\" srcset=\"https:\/\/smartmedo.com\/wp-content\/uploads\/2021\/03\/SmartMedoWhite-1024x205.png 1024w, https:\/\/smartmedo.com\/wp-content\/uploads\/2021\/03\/SmartMedoWhite-300x60.png 300w, https:\/\/smartmedo.com\/wp-content\/uploads\/2021\/03\/SmartMedoWhite-768x154.png 768w, https:\/\/smartmedo.com\/wp-content\/uploads\/2021\/03\/SmartMedoWhite-1536x308.png 1536w, https:\/\/smartmedo.com\/wp-content\/uploads\/2021\/03\/SmartMedoWhite.png 1772w\" sizes=\"(max-width: 1024px) 100vw, 1024px\" \/>\t\t\t\t\t\t\t\t\t\t\t\t\t\t\t<\/div>\n\t\t\t\t<\/div>\n\t\t\t\t\t<\/div>\n\t\t<\/div>\n\t\t\t\t<div class=\"elementor-column elementor-col-33 elementor-inner-column elementor-element elementor-element-256d1a44\" data-id=\"256d1a44\" data-element_type=\"column\" data-e-type=\"column\">\n\t\t\t<div class=\"elementor-widget-wrap elementor-element-populated\">\n\t\t\t\t\t\t<div class=\"elementor-element elementor-element-320e47ac elementor-widget elementor-widget-text-editor\" data-id=\"320e47ac\" data-element_type=\"widget\" data-e-type=\"widget\" data-widget_type=\"text-editor.default\">\n\t\t\t\t<div class=\"elementor-widget-container\">\n\t\t\t\t\t\t\t\t\t<p>Hannesgrub Nord 37<br>A-4911 Tumeltsham<br>m<span style=\"font-family: Montserrat, sans-serif; font-size: 15px; font-style: normal; font-variant-ligatures: normal; font-variant-caps: normal; font-weight: 600; color: var( --e-global-color-a51245b ); background-color: var( --e-global-color-6f26cfc );\">ail: office@smartmedo.com<\/span><\/p>\t\t\t\t\t\t\t\t<\/div>\n\t\t\t\t<\/div>\n\t\t\t\t\t<\/div>\n\t\t<\/div>\n\t\t\t\t<div class=\"elementor-column elementor-col-33 elementor-inner-column elementor-element elementor-element-54c29ea3\" data-id=\"54c29ea3\" data-element_type=\"column\" data-e-type=\"column\">\n\t\t\t<div class=\"elementor-widget-wrap elementor-element-populated\">\n\t\t\t\t\t\t<div class=\"elementor-element elementor-element-5dd6e13 elementor-widget elementor-widget-text-editor\" data-id=\"5dd6e13\" data-element_type=\"widget\" data-e-type=\"widget\" data-widget_type=\"text-editor.default\">\n\t\t\t\t<div class=\"elementor-widget-container\">\n\t\t\t\t\t\t\t\t\t<p><span style=\"color: #ffffff;\"><a style=\"color: #ffffff;\" href=\"https:\/\/smartmedo.com\/en_us\/datenschutz\/\">Privacy policy (only German)<\/a><\/span><\/p>\t\t\t\t\t\t\t\t<\/div>\n\t\t\t\t<\/div>\n\t\t\t\t<div class=\"elementor-element elementor-element-36ea66c3 elementor-widget elementor-widget-text-editor\" data-id=\"36ea66c3\" data-element_type=\"widget\" data-e-type=\"widget\" data-widget_type=\"text-editor.default\">\n\t\t\t\t<div class=\"elementor-widget-container\">\n\t\t\t\t\t\t\t\t\t<p><span style=\"color: #ffffff;\"><a style=\"color: #ffffff;\" href=\"https:\/\/smartmedo.com\/en_us\/impressum\/\" rel=\"noopener\">Legal Notice<\/a><\/span><\/p>\t\t\t\t\t\t\t\t<\/div>\n\t\t\t\t<\/div>\n\t\t\t\t\t<\/div>\n\t\t<\/div>\n\t\t\t\t\t<\/div>\n\t\t<\/section>\n\t\t\t\t\t<\/div>\n\t\t<\/div>\n\t\t\t\t\t<\/div>\n\t\t<\/section>\n\t\t\t\t<\/div>","protected":false},"excerpt":{"rendered":"<p>Der &#8222;Medical Eye Trainer&#8220; &#8211; M.E.T. Einleitung \u00dcbung und Training ist eine der gebr\u00e4uchlichsten und \u00e4ltesten Wege, um die Leistung des menschlichen K\u00f6rpers zu steigern. Wir \u00fcben und lernen seit unserer Geburt, in der Schule, beim Sport, in jeder Situation des Lebens. Dieser Vorgang kann optimiert und weiterentwickelt werden, um noch h\u00f6here Steigerungen unserer K\u00f6rperfunktionen [&hellip;]<\/p>\n","protected":false},"author":1,"featured_media":0,"parent":0,"menu_order":0,"comment_status":"closed","ping_status":"closed","template":"","meta":{"ocean_post_layout":"full-screen","ocean_both_sidebars_style":"","ocean_both_sidebars_content_width":0,"ocean_both_sidebars_sidebars_width":0,"ocean_sidebar":"0","ocean_second_sidebar":"0","ocean_disable_margins":"enable","ocean_add_body_class":"","ocean_shortcode_before_top_bar":"","ocean_shortcode_after_top_bar":"","ocean_shortcode_before_header":"","ocean_shortcode_after_header":"","ocean_has_shortcode":"","ocean_shortcode_after_title":"","ocean_shortcode_before_footer_widgets":"","ocean_shortcode_after_footer_widgets":"","ocean_shortcode_before_footer_bottom":"","ocean_shortcode_after_footer_bottom":"","ocean_display_top_bar":"off","ocean_display_header":"default","ocean_header_style":"","ocean_center_header_left_menu":"0","ocean_custom_header_template":"0","ocean_custom_logo":0,"ocean_custom_retina_logo":0,"ocean_custom_logo_max_width":0,"ocean_custom_logo_tablet_max_width":0,"ocean_custom_logo_mobile_max_width":0,"ocean_custom_logo_max_height":0,"ocean_custom_logo_tablet_max_height":0,"ocean_custom_logo_mobile_max_height":0,"ocean_header_custom_menu":"0","ocean_menu_typo_font_family":"0","ocean_menu_typo_font_subset":"","ocean_menu_typo_font_size":0,"ocean_menu_typo_font_size_tablet":0,"ocean_menu_typo_font_size_mobile":0,"ocean_menu_typo_font_size_unit":"px","ocean_menu_typo_font_weight":"","ocean_menu_typo_font_weight_tablet":"","ocean_menu_typo_font_weight_mobile":"","ocean_menu_typo_transform":"","ocean_menu_typo_transform_tablet":"","ocean_menu_typo_transform_mobile":"","ocean_menu_typo_line_height":0,"ocean_menu_typo_line_height_tablet":0,"ocean_menu_typo_line_height_mobile":0,"ocean_menu_typo_line_height_unit":"","ocean_menu_typo_spacing":0,"ocean_menu_typo_spacing_tablet":0,"ocean_menu_typo_spacing_mobile":0,"ocean_menu_typo_spacing_unit":"","ocean_menu_link_color":"","ocean_menu_link_color_hover":"","ocean_menu_link_color_active":"","ocean_menu_link_background":"","ocean_menu_link_hover_background":"","ocean_menu_link_active_background":"","ocean_menu_social_links_bg":"","ocean_menu_social_hover_links_bg":"","ocean_menu_social_links_color":"","ocean_menu_social_hover_links_color":"","ocean_disable_title":"on","ocean_disable_heading":"default","ocean_post_title":"","ocean_post_subheading":"","ocean_post_title_style":"","ocean_post_title_background_color":"","ocean_post_title_background":0,"ocean_post_title_bg_image_position":"","ocean_post_title_bg_image_attachment":"","ocean_post_title_bg_image_repeat":"","ocean_post_title_bg_image_size":"","ocean_post_title_height":0,"ocean_post_title_bg_overlay":0.5,"ocean_post_title_bg_overlay_color":"","ocean_disable_breadcrumbs":"default","ocean_breadcrumbs_color":"","ocean_breadcrumbs_separator_color":"","ocean_breadcrumbs_links_color":"","ocean_breadcrumbs_links_hover_color":"","ocean_display_footer_widgets":"off","ocean_display_footer_bottom":"off","ocean_custom_footer_template":"0","_themeisle_gutenberg_block_has_review":false,"footnotes":""},"class_list":["post-5","page","type-page","status-publish","hentry","entry"],"_links":{"self":[{"href":"https:\/\/smartmedo.com\/en_us\/wp-json\/wp\/v2\/pages\/5","targetHints":{"allow":["GET"]}}],"collection":[{"href":"https:\/\/smartmedo.com\/en_us\/wp-json\/wp\/v2\/pages"}],"about":[{"href":"https:\/\/smartmedo.com\/en_us\/wp-json\/wp\/v2\/types\/page"}],"author":[{"embeddable":true,"href":"https:\/\/smartmedo.com\/en_us\/wp-json\/wp\/v2\/users\/1"}],"replies":[{"embeddable":true,"href":"https:\/\/smartmedo.com\/en_us\/wp-json\/wp\/v2\/comments?post=5"}],"version-history":[{"count":120,"href":"https:\/\/smartmedo.com\/en_us\/wp-json\/wp\/v2\/pages\/5\/revisions"}],"predecessor-version":[{"id":1738,"href":"https:\/\/smartmedo.com\/en_us\/wp-json\/wp\/v2\/pages\/5\/revisions\/1738"}],"wp:attachment":[{"href":"https:\/\/smartmedo.com\/en_us\/wp-json\/wp\/v2\/media?parent=5"}],"curies":[{"name":"wp","href":"https:\/\/api.w.org\/{rel}","templated":true}]}}